{"id":51,"date":"2020-03-27T14:23:20","date_gmt":"2020-03-27T14:23:20","guid":{"rendered":"https:\/\/wordpress.jugendpflege.de\/?page_id=51"},"modified":"2021-11-15T15:34:38","modified_gmt":"2021-11-15T15:34:38","slug":"ueber-uns","status":"publish","type":"page","link":"https:\/\/wordpress.jugendpflege.de\/?page_id=51","title":{"rendered":"\u00dcber uns"},"content":{"rendered":"\n<p>Die Stadtjugendpflege Schwalmstadt besch\u00e4ftigt momentan drei Stellen. <\/p>\n\n\n\n<div class=\"wp-block-image is-style-rounded\"><figure class=\"alignleft size-large is-resized\"><img loading=\"lazy\" decoding=\"async\" src=\"https:\/\/wordpress.jugendpflege.de\/wp-content\/uploads\/2020\/10\/Jugendpflege_Schreibtisch-edited-scaled.jpg\" alt=\"\" class=\"wp-image-113\" width=\"158\" height=\"158\" srcset=\"https:\/\/wordpress.jugendpflege.de\/wp-content\/uploads\/2020\/10\/Jugendpflege_Schreibtisch-edited-scaled.jpg 2560w, https:\/\/wordpress.jugendpflege.de\/wp-content\/uploads\/2020\/10\/Jugendpflege_Schreibtisch-edited-300x300.jpg 300w, https:\/\/wordpress.jugendpflege.de\/wp-content\/uploads\/2020\/10\/Jugendpflege_Schreibtisch-edited-1024x1024.jpg 1024w, https:\/\/wordpress.jugendpflege.de\/wp-content\/uploads\/2020\/10\/Jugendpflege_Schreibtisch-edited-150x150.jpg 150w, https:\/\/wordpress.jugendpflege.de\/wp-content\/uploads\/2020\/10\/Jugendpflege_Schreibtisch-edited-768x767.jpg 768w, https:\/\/wordpress.jugendpflege.de\/wp-content\/uploads\/2020\/10\/Jugendpflege_Schreibtisch-edited-1536x1534.jpg 1536w, https:\/\/wordpress.jugendpflege.de\/wp-content\/uploads\/2020\/10\/Jugendpflege_Schreibtisch-edited-2048x2046.jpg 2048w\" sizes=\"auto, (max-width: 158px) 100vw, 158px\" \/><figcaption> \u201cDie Burg\u201d<\/figcaption><\/figure><\/div>\n\n\n\n<p>Einmal mit <strong>Michael Schott<\/strong>, ist seit 1998 in Schwalmstadt und arbeitet seit August 2000 im Jugendzentrum \u201cDie Burg\u201d.  <\/p>\n\n\n\n<p><\/p>\n\n\n\n<p><\/p>\n\n\n\n<figure class=\"wp-block-gallery alignleft columns-1 is-cropped wp-block-gallery-1 is-layout-flex wp-block-gallery-is-layout-flex\"><ul class=\"blocks-gallery-grid\"><li class=\"blocks-gallery-item\"><figure><img loading=\"lazy\" decoding=\"async\" width=\"606\" height=\"297\" src=\"https:\/\/wordpress.jugendpflege.de\/wp-content\/uploads\/2020\/05\/kids-3171905_640-e1589274603266.png\" alt=\"\" data-id=\"97\" data-full-url=\"https:\/\/wordpress.jugendpflege.de\/wp-content\/uploads\/2020\/05\/kids-3171905_640-e1589274603266.png\" data-link=\"https:\/\/wordpress.jugendpflege.de\/?attachment_id=97\" class=\"wp-image-97\" srcset=\"https:\/\/wordpress.jugendpflege.de\/wp-content\/uploads\/2020\/05\/kids-3171905_640-e1589274603266.png 606w, https:\/\/wordpress.jugendpflege.de\/wp-content\/uploads\/2020\/05\/kids-3171905_640-e1589274603266-300x147.png 300w\" sizes=\"auto, (max-width: 606px) 100vw, 606px\" \/><figcaption class=\"blocks-gallery-item__caption\">Bild von <a href=\"https:\/\/pixabay.com\/de\/users\/gustavorezende-1488336\/?utm_source=link-attribution&amp;utm_medium=referral&amp;utm_campaign=image&amp;utm_content=3171905\">Gustavo Rezende<\/a> auf <a href=\"https:\/\/pixabay.com\/de\/?utm_source=link-attribution&amp;utm_medium=referral&amp;utm_campaign=image&amp;utm_content=3171905\">Pixabay<\/a><\/figcaption><\/figure><\/li><\/ul><\/figure>\n\n\n\n<p class=\"has-text-align-right\">Die zweite Stelle ist mit <br>Anna-Lena Schwalm besetzt,<br>sie ist seit Fr\u00fchjahr 2021dabei.<\/p>\n\n\n\n<p class=\"has-text-align-left\">Sara \u00dcfler erg\u00e4nzt das Team das Team seit Sommer 2021.<\/p>\n\n\n\n<p><\/p>\n\n\n\n<p><\/p>\n\n\n\n<p><\/p>\n","protected":false},"excerpt":{"rendered":"<p>Die Stadtjugendpflege Schwalmstadt besch\u00e4ftigt momentan drei Stellen. Einmal mit Michael Schott, ist seit 1998 in Schwalmstadt und arbeitet seit August 2000 im Jugendzentrum \u201cDie Burg\u201d. Die zweite Stelle ist mit Anna-Lena Schwalm besetzt,sie ist seit Fr\u00fchjahr 2021dabei. Sara \u00dcfler erg\u00e4nzt das Team das Team seit Sommer 2021.<\/p>\n","protected":false},"author":1,"featured_media":0,"parent":0,"menu_order":0,"comment_status":"closed","ping_status":"closed","template":"","meta":{"footnotes":""},"class_list":["post-51","page","type-page","status-publish","hentry","latest_post"],"_links":{"self":[{"href":"https:\/\/wordpress.jugendpflege.de\/index.php?rest_route=\/wp\/v2\/pages\/51","targetHints":{"allow":["GET"]}}],"collection":[{"href":"https:\/\/wordpress.jugendpflege.de\/index.php?rest_route=\/wp\/v2\/pages"}],"about":[{"href":"https:\/\/wordpress.jugendpflege.de\/index.php?rest_route=\/wp\/v2\/types\/page"}],"author":[{"embeddable":true,"href":"https:\/\/wordpress.jugendpflege.de\/index.php?rest_route=\/wp\/v2\/users\/1"}],"replies":[{"embeddable":true,"href":"https:\/\/wordpress.jugendpflege.de\/index.php?rest_route=%2Fwp%2Fv2%2Fcomments&post=51"}],"version-history":[{"count":6,"href":"https:\/\/wordpress.jugendpflege.de\/index.php?rest_route=\/wp\/v2\/pages\/51\/revisions"}],"predecessor-version":[{"id":211,"href":"https:\/\/wordpress.jugendpflege.de\/index.php?rest_route=\/wp\/v2\/pages\/51\/revisions\/211"}],"wp:attachment":[{"href":"https:\/\/wordpress.jugendpflege.de\/index.php?rest_route=%2Fwp%2Fv2%2Fmedia&parent=51"}],"curies":[{"name":"wp","href":"https:\/\/api.w.org\/{rel}","templated":true}]}}